{"id":119,"date":"2024-09-10T08:10:27","date_gmt":"2024-09-10T08:10:27","guid":{"rendered":"https:\/\/hoksaamo.fi\/?page_id=119"},"modified":"2024-09-10T08:10:27","modified_gmt":"2024-09-10T08:10:27","slug":"yhteystiedot","status":"publish","type":"page","link":"https:\/\/hoksaamo.fi\/?page_id=119","title":{"rendered":"Yhteystiedot"},"content":{"rendered":"\n<p><\/p>\n\n\n\n<h3 class=\"wp-block-heading\"><strong>Yhteystiedot<\/strong><\/h3>\n\n\n\n<div class=\"wp-block-columns is-layout-flex wp-container-core-columns-is-layout-28f84493 wp-block-columns-is-layout-flex\">\n<div class=\"wp-block-column is-layout-flow wp-block-column-is-layout-flow\" style=\"flex-basis:66.66%\">\n<p>Ota rohkeasti yhteytt\u00e4!<br><br>Tarja-Liisa Riipinen<br><a href=\"https:\/\/www.linkedin.com\/in\/tarja-liisa-riipinen-837091132\/\">tarja-liisa.riipinen[@]hoksaamo.fi<\/a><br>p. +358 505 527 601<br><a href=\"https:\/\/www.linkedin.com\/in\/tarja-liisa-riipinen-837091132\/\">Linkedin profiili<\/a> <\/p>\n<\/div>\n\n\n\n<div class=\"wp-block-column is-layout-flow wp-block-column-is-layout-flow\" style=\"flex-basis:33.33%\">\n<figure class=\"wp-block-image size-full\"><img loading=\"lazy\" decoding=\"async\" width=\"227\" height=\"227\" src=\"https:\/\/hoksaamo.fi\/wp-content\/uploads\/2024\/09\/Tarja-Liisa.png\" alt=\"\" class=\"wp-image-12\" srcset=\"https:\/\/hoksaamo.fi\/wp-content\/uploads\/2024\/09\/Tarja-Liisa.png 227w, https:\/\/hoksaamo.fi\/wp-content\/uploads\/2024\/09\/Tarja-Liisa-150x150.png 150w\" sizes=\"auto, (max-width: 227px) 100vw, 227px\" \/><\/figure>\n<\/div>\n<\/div>\n\n\n\n<h3 class=\"wp-block-heading\"><br><strong>Hinnat ja laskutus<\/strong><\/h3>\n\n\n\n<p>Teen t\u00f6it\u00e4 sovitusti joko tunti veloitteisesti tai annan kokonaistarjouksen. Pienemm\u00e4t konsultoinnit on k\u00e4tev\u00e4 hoitaa tuntiperusteisesti mutta isommista kokonaisuuksista, kuten palvelumuotoilusta, kokonaisista fasilitointi\/ virkistysp\u00e4ivist\u00e4 tai hankehakemusten tekemisest\u00e4 annan mielell\u00e4ni tarjouksen. <\/p>\n\n\n\n<p>L\u00e4sn\u00e4olevista tapaamisista lis\u00e4ksi veloitan matka- ja majoituskustannukset sek\u00e4 mahdollisen p\u00e4iv\u00e4rahan.<\/p>\n\n\n\n<p>Laskutan palveluni <a href=\"https:\/\/heimoosk.com\/\">Ty\u00f6osuuskunta Heimon<\/a> (2929064-6) kautta. Annan tarjoukseni aina ilman arvonlis\u00e4veroa ja laskutuksen yhteydess\u00e4 palveluihin lis\u00e4t\u00e4\u00e4n kulloinkin voimassa oleva alv.<\/p>\n\n\n\n<p><\/p>\n\n\n\n<div class=\"wp-block-buttons is-layout-flex wp-block-buttons-is-layout-flex\">\n<div class=\"wp-block-button\"><a class=\"wp-block-button__link wp-element-button\" href=\"http:\/\/www.hoksaamo.fi\">Palaa etusivulle<\/a><\/div>\n\n\n\n<div class=\"wp-block-button\"><a class=\"wp-block-button__link wp-element-button\" href=\"https:\/\/hoksaamo.fi\/?page_id=2\">Hoksaamon palvelut<\/a><\/div>\n<\/div>\n\n\n\n<p><\/p>\n","protected":false},"excerpt":{"rendered":"<p>Yhteystiedot Ota rohkeasti yhteytt\u00e4! Tarja-Liisa Riipinentarja-liisa.riipinen[@]hoksaamo.fip. +358 505 527 601Linkedin profiili Hinnat ja laskutus Teen t\u00f6it\u00e4 sovitusti joko tunti veloitteisesti tai annan kokonaistarjouksen. Pienemm\u00e4t konsultoinnit on k\u00e4tev\u00e4 hoitaa tuntiperusteisesti mutta isommista kokonaisuuksista, kuten palvelumuotoilusta, kokonaisista fasilitointi\/ virkistysp\u00e4ivist\u00e4 tai hankehakemusten tekemisest\u00e4 annan mielell\u00e4ni tarjouksen. L\u00e4sn\u00e4olevista tapaamisista lis\u00e4ksi veloitan matka- ja majoituskustannukset sek\u00e4 mahdollisen p\u00e4iv\u00e4rahan. Laskutan palveluni [&hellip;]<\/p>\n","protected":false},"author":1,"featured_media":0,"parent":0,"menu_order":0,"comment_status":"closed","ping_status":"closed","template":"","meta":{"footnotes":""},"class_list":["post-119","page","type-page","status-publish","hentry"],"_links":{"self":[{"href":"https:\/\/hoksaamo.fi\/index.php?rest_route=\/wp\/v2\/pages\/119","targetHints":{"allow":["GET"]}}],"collection":[{"href":"https:\/\/hoksaamo.fi\/index.php?rest_route=\/wp\/v2\/pages"}],"about":[{"href":"https:\/\/hoksaamo.fi\/index.php?rest_route=\/wp\/v2\/types\/page"}],"author":[{"embeddable":true,"href":"https:\/\/hoksaamo.fi\/index.php?rest_route=\/wp\/v2\/users\/1"}],"replies":[{"embeddable":true,"href":"https:\/\/hoksaamo.fi\/index.php?rest_route=%2Fwp%2Fv2%2Fcomments&post=119"}],"version-history":[{"count":4,"href":"https:\/\/hoksaamo.fi\/index.php?rest_route=\/wp\/v2\/pages\/119\/revisions"}],"predecessor-version":[{"id":126,"href":"https:\/\/hoksaamo.fi\/index.php?rest_route=\/wp\/v2\/pages\/119\/revisions\/126"}],"wp:attachment":[{"href":"https:\/\/hoksaamo.fi\/index.php?rest_route=%2Fwp%2Fv2%2Fmedia&parent=119"}],"curies":[{"name":"wp","href":"https:\/\/api.w.org\/{rel}","templated":true}]}}