{"id":55,"date":"2024-09-18T12:05:48","date_gmt":"2024-09-18T12:05:48","guid":{"rendered":"https:\/\/hoksaamo.fi\/?page_id=55"},"modified":"2024-09-18T12:32:05","modified_gmt":"2024-09-18T12:32:05","slug":"hoksaamon-tarina","status":"publish","type":"page","link":"https:\/\/hoksaamo.fi\/?page_id=55","title":{"rendered":"Hoksaamon tarina"},"content":{"rendered":"\n<h2 class=\"wp-block-heading\">Tervetuloa Hoksaamoon <br>&#8211; tutustu minuun<\/h2>\n\n\n\n<div class=\"wp-block-columns is-layout-flex wp-container-core-columns-is-layout-28f84493 wp-block-columns-is-layout-flex\">\n<div class=\"wp-block-column is-layout-flow wp-block-column-is-layout-flow\" style=\"flex-basis:66.66%\">\n<p>Olen Tarja-Liisa Riipinen, Hoksaamon perustaja ja intohimoinen kohtaamiseen keskittyvien palveluiden kehitt\u00e4j\u00e4. Olen ty\u00f6skennellyt l\u00e4hes 30 vuoden ajan sosiaali- ja terveysalalla, joista l\u00e4hes 20 vuotta olen tehnyt t\u00f6it\u00e4 esihenkil\u00f6n\u00e4 erilaisissa organisaatioissa. Matkan varrella ovat muutoksen tuulet puhallelleet v\u00e4lill\u00e4 hyvinkin navakasti.<\/p>\n<\/div>\n\n\n\n<div class=\"wp-block-column is-layout-flow wp-block-column-is-layout-flow\" style=\"flex-basis:33.33%\">\n<figure class=\"wp-block-image size-full\"><img loading=\"lazy\" decoding=\"async\" width=\"227\" height=\"227\" src=\"https:\/\/hoksaamo.fi\/wp-content\/uploads\/2024\/09\/Tarja-Liisa.png\" alt=\"\" class=\"wp-image-12\" srcset=\"https:\/\/hoksaamo.fi\/wp-content\/uploads\/2024\/09\/Tarja-Liisa.png 227w, https:\/\/hoksaamo.fi\/wp-content\/uploads\/2024\/09\/Tarja-Liisa-150x150.png 150w\" sizes=\"auto, (max-width: 227px) 100vw, 227px\" \/><\/figure>\n<\/div>\n<\/div>\n\n\n\n<p>Matkallani olen keskittynyt erityisesti sosiaalisen vahvistamisen ja osallisuuden edist\u00e4miseen, laatuty\u00f6h\u00f6n, palvelumuotoiluun, viestint\u00e4\u00e4n, strategiseen kehitt\u00e4miseen ja inhimillisen keskustelevan ty\u00f6yhteis\u00f6jen rakentamiseen. Minulle t\u00e4rkeint\u00e4 ty\u00f6ss\u00e4ni on l\u00f6yt\u00e4\u00e4 yksil\u00f6llisi\u00e4 ja konkreettisia ratkaisuja, jotka tukevat ihmisi\u00e4 erilaisissa el\u00e4m\u00e4ntilanteissa sek\u00e4 mahdollistaa ty\u00f6n tekemisen ilo ja aito yhteis\u00f6llisyys.<\/p>\n\n\n\n<p>Olen matkani varrella ty\u00f6skennellyt niin julkisorganisaatioissa, yhdistyksiss\u00e4, s\u00e4\u00e4ti\u00f6iss\u00e4 kuin yrityksiss\u00e4kin tehden t\u00f6it\u00e4 kehitysvammaisten, aikuisten, nuorten, maahanmuuttajien, \u00a0pitk\u00e4aikaisty\u00f6tt\u00f6mien, kuntoutujien, ammatinvaihtajien kuin ik\u00e4ihmistenkin kanssa. Minulla on siis kosketuspintaa monenlaisen maailman ja maailmankuvan kanssa ja uskon juuri sen olevan minun vahvuuteni ja rikkauteni. Erityisesti j\u00e4rjest\u00f6kent\u00e4n toiminta on l\u00e4hell\u00e4 syd\u00e4nt\u00e4ni, ja ymm\u00e4rr\u00e4n sen keskeisen roolin yhteiskunnassamme niin ennaltaehk\u00e4isev\u00e4ss\u00e4 ty\u00f6ss\u00e4 kuin palveluj\u00e4rjestelm\u00e4n tukena osana palvelupolkua.<\/p>\n\n\n\n<h3 class=\"wp-block-heading\">Koulutus ja ammatillinen tausta<\/h3>\n\n\n\n<p>Minulla on yhteiskuntatieteiden maisterin tutkinto, jossa erikoistuin sosiaalipolitiikkaan ja sosiaali- ja terveydenhuollon johtamiseen. Lis\u00e4ksi olen suorittanut useita erikoistumiskoulutuksia, kuten ty\u00f6kykykoordinaattorin koulutuksen, erilaisia koulutuksia digitalisaation hy\u00f6dynt\u00e4misest\u00e4 sosiaali- ja terveys- sek\u00e4 hyvinvointipalveluissa, yhteis\u00f6viestinn\u00e4n sek\u00e4 organisaatiopsykologian opintoja. Olen my\u00f6s laillistettu sosionomi ja kiikarissa siint\u00e4v\u00e4t YAMK opinnot sosiaali- ja terveyspalvelujen johtamisen koulutusohjelmassa sek\u00e4 ammatillisen opettajan opinnot. Olen siis ikuinen oppija, joka omaksuu uusia kokonaisuuksia nopeasti ymm\u00e4rt\u00e4en my\u00f6s hyvin yksityiskohtia. Koulutustaustani tarjoaa vahvan pohjan erilaisten, ihmist\u00e4 l\u00e4hell\u00e4 olevien palveluiden kehitt\u00e4miselle ja johtamiselle.<\/p>\n\n\n\n<h3 class=\"wp-block-heading\">Vahvuuteni ja monipuolinen osaamiseni<\/h3>\n\n\n\n<p>Olen kokenut palvelumuotoilun ja tiedolla johtamisen ammattilainen, ja olen hy\u00f6dynt\u00e4nyt teko\u00e4ly\u00e4 tiedon analysoinnissa ja p\u00e4\u00e4t\u00f6ksenteon tukena kehitt\u00e4ess\u00e4ni vaikuttavia palveluja. Minulla on laaja kokemus projektien johtamisesta \u2013 olen vet\u00e4nyt monialaisia hankkeita varmistaen, ett\u00e4 ne etenev\u00e4t aikataulussa ja saavuttavat tavoitteensa.<\/p>\n\n\n\n<figure class=\"wp-block-image size-full\"><img loading=\"lazy\" decoding=\"async\" width=\"640\" height=\"427\" src=\"https:\/\/hoksaamo.fi\/wp-content\/uploads\/2024\/09\/ai-7977960_640.jpg\" alt=\"\" class=\"wp-image-146\" srcset=\"https:\/\/hoksaamo.fi\/wp-content\/uploads\/2024\/09\/ai-7977960_640.jpg 640w, https:\/\/hoksaamo.fi\/wp-content\/uploads\/2024\/09\/ai-7977960_640-300x200.jpg 300w\" sizes=\"auto, (max-width: 640px) 100vw, 640px\" \/><\/figure>\n\n\n\n<p>Ymm\u00e4rr\u00e4n hyvin yhteiskuntamme palveluj\u00e4rjestelm\u00e4n, niin sosiaali- ja terveyspalvelut, kuntoutuspalvelut, nuorten palvelut, ty\u00f6llisyyspalvelut kuin koulutuspalvelutkin, ja olen kehitt\u00e4nyt ratkaisuja, jotka yhdist\u00e4v\u00e4t julkisen sektorin ja j\u00e4rjest\u00f6jen vahvuudet. Lis\u00e4ksi vahva talous- ja strateginen osaamiseni tukee kest\u00e4vi\u00e4 ja asiakasl\u00e4ht\u00f6isi\u00e4 palveluja, joiden budjetit ja resurssit hallitaan tehokkaasti.<\/p>\n\n\n\n<p>Olen rakentanut laadunhallintaj\u00e4rjestelmi\u00e4 ja laatuk\u00e4sikirjoja sek\u00e4 erilaisia perehdytysohjeita, jotka varmistavat palveluiden korkean laadun ja asiakastyytyv\u00e4isyyden, ja minulla on vankka kokemus kouluttajana, jossa yhdist\u00e4n k\u00e4yt\u00e4nn\u00f6nl\u00e4heisyyden ja osallistavuuden. Oli kyse palvelujen kehitt\u00e4misest\u00e4, projektin vet\u00e4misest\u00e4 tai henkil\u00f6st\u00f6n kouluttamisesta, tuon aina mukanani vahvan sitoutumisen laadukkaaseen tekemiseen ja tavoitteiden saavuttamiseen.<\/p>\n\n\n\n<h3 class=\"wp-block-heading\">Arvot ja toimintatavat<\/h3>\n\n\n\n<p>Ty\u00f6skentely\u00e4ni ohjaavat arvot, kuten <em>oikeudenmukaisuus, tasa-arvo<\/em> ja <em>l\u00e4pin\u00e4kyvyys<\/em>. Uskon, ett\u00e4 kaikilla on oikeus tulla kuulluksi ja kohdelluksi tasapuolisesti, ja n\u00e4m\u00e4 periaatteet n\u00e4kyv\u00e4t kaikessa toiminnassani \u2013 olipa kyseess\u00e4 asiakaskohtaaminen, palveluiden suunnittelu tai yhteisty\u00f6 sidosryhmien kanssa. Vastuullisuus ja kest\u00e4v\u00e4 kehitys ovat my\u00f6s keskeisi\u00e4 ohjenuoria. <em>Ekologisuus<\/em> on minulle t\u00e4rke\u00e4 arvo, ja pid\u00e4n huolen siit\u00e4, ett\u00e4 toimintamme tukee ymp\u00e4rist\u00f6yst\u00e4v\u00e4llisi\u00e4 ratkaisuja ja vastuullista resurssien k\u00e4ytt\u00f6\u00e4. Haluan varmistaa, ett\u00e4 ty\u00f6mme luo hyvinvointia pitk\u00e4ll\u00e4 aikav\u00e4lill\u00e4, samalla huomioiden ymp\u00e4rist\u00f6n ja kest\u00e4v\u00e4n kehityksen vaatimukset.<\/p>\n\n\n\n<p><\/p>\n\n\n\n<h3 class=\"wp-block-heading\">Vapaa-ajalla<\/h3>\n\n\n\n<figure class=\"wp-block-image size-full\"><img loading=\"lazy\" decoding=\"async\" width=\"640\" height=\"306\" src=\"https:\/\/hoksaamo.fi\/wp-content\/uploads\/2024\/09\/art-1840481_640-e1726661958943.jpg\" alt=\"\" class=\"wp-image-145\" srcset=\"https:\/\/hoksaamo.fi\/wp-content\/uploads\/2024\/09\/art-1840481_640-e1726661958943.jpg 640w, https:\/\/hoksaamo.fi\/wp-content\/uploads\/2024\/09\/art-1840481_640-e1726661958943-300x143.jpg 300w\" sizes=\"auto, (max-width: 640px) 100vw, 640px\" \/><\/figure>\n\n\n\n<p>Ty\u00f6n ulkopuolella nautin luovuuden kehitt\u00e4misest\u00e4 k\u00e4sill\u00e4 tehden. K\u00e4sity\u00f6t, maalaus, tuunaus ja erilaiset remppaprojektit auttavat minua rentoutumaan ja tasapainottamaan arkea. Olen intohimoinen sienest\u00e4j\u00e4 ja vesi on minun elementtini. Olen my\u00f6s aktiivisesti mukana yhdistystoiminnassa, joka antaa mahdollisuuden osallistua ja vaikuttaa yhteis\u00f6ni hyvinvointiin.<\/p>\n\n\n\n<figure class=\"wp-block-image size-full\"><img loading=\"lazy\" decoding=\"async\" width=\"860\" height=\"206\" src=\"https:\/\/hoksaamo.fi\/wp-content\/uploads\/2024\/09\/viiva-e1726565726797.png\" alt=\"\" class=\"wp-image-131\" srcset=\"https:\/\/hoksaamo.fi\/wp-content\/uploads\/2024\/09\/viiva-e1726565726797.png 860w, https:\/\/hoksaamo.fi\/wp-content\/uploads\/2024\/09\/viiva-e1726565726797-300x72.png 300w, https:\/\/hoksaamo.fi\/wp-content\/uploads\/2024\/09\/viiva-e1726565726797-768x184.png 768w\" sizes=\"auto, (max-width: 860px) 100vw, 860px\" \/><\/figure>\n\n\n\n<h2 class=\"wp-block-heading\">Myrskyst\u00e4 oivallukseen &#8211; Hoksaamon tarina<\/h2>\n\n\n\n<p>Hoksaamon tarina alkaa hetkest\u00e4, joka tuntui siet\u00e4m\u00e4tt\u00f6m\u00e4lt\u00e4. Tuotannollisista ja taloudellisista syist\u00e4 tullut irtisanominen sys\u00e4si minut keskelle ristiriitaisia tunteita. Osaamattomuuden ja mit\u00e4tt\u00f6myyden tunteet nousivat pintaan ja v\u00e4lill\u00e4 ry\u00f6ppysiv\u00e4t \u00e4yr\u00e4iden yli. Tuntui kuin kaikki se, mink\u00e4 olin rakentanut, olisi murentunut hetkess\u00e4. Olin tuuliajolla ristiaallokossa.<\/p>\n\n\n\n<figure class=\"wp-block-image size-full\"><img loading=\"lazy\" decoding=\"async\" width=\"640\" height=\"244\" src=\"https:\/\/hoksaamo.fi\/wp-content\/uploads\/2024\/09\/danger-2624054_640-e1726661015652.jpg\" alt=\"\" class=\"wp-image-142\" srcset=\"https:\/\/hoksaamo.fi\/wp-content\/uploads\/2024\/09\/danger-2624054_640-e1726661015652.jpg 640w, https:\/\/hoksaamo.fi\/wp-content\/uploads\/2024\/09\/danger-2624054_640-e1726661015652-300x114.jpg 300w\" sizes=\"auto, (max-width: 640px) 100vw, 640px\" \/><\/figure>\n\n\n\n<p>Mutta juuri t\u00e4ss\u00e4 ristiaallokossa syntyi Hoksaamo. Kun pahimmat tunteet olivat kohdattavissa, aloin koota itse\u00e4ni pala palalta. Ammatillinen ylpeys ja identiteetti olivat koetuksella, mutta samalla sisuunnuin. Min\u00e4h\u00e4n osaan vaikka mit\u00e4. En ole se mit\u00e4t\u00f6n, joksi tilanteen annettiin tuntua \u2013 olen helmi, ja minulla on paljon annettavaa. Aloin n\u00e4hd\u00e4 uuden mahdollisuuden siin\u00e4, miss\u00e4 oli hetki sitten vain ep\u00e4varmuutta.<\/p>\n\n\n\n<p>N\u00e4in l\u00e4hti liikkeelle matka kohti Hoksaamoa, jossa oivallukset ja onnistumisen ilo ovat kaiken keski\u00f6ss\u00e4. Tied\u00e4n omakohtaisesti, milt\u00e4 tuntuu menett\u00e4\u00e4 suunta ja rakentaa se uudelleen. Hoksaamon kautta haluan auttaa muita n\u00e4kem\u00e4\u00e4n omat vahvuutensa ja l\u00f6yt\u00e4m\u00e4\u00e4n uusia tapoja onnistua. Hoksaamo ei ole vain koulutuksia ja konsultointia \u2013 se on matka kohti oivalluksia, jotka voivat muuttaa el\u00e4m\u00e4\u00e4. Pienill\u00e4 oivalluksilla voidaan tehd\u00e4 suuria muutoksia, ja juuri t\u00e4m\u00e4 ajatus on Hoksaamon ydin.<\/p>\n\n\n\n<figure class=\"wp-block-image size-full\"><img loading=\"lazy\" decoding=\"async\" width=\"750\" height=\"750\" src=\"https:\/\/hoksaamo.fi\/wp-content\/uploads\/2024\/09\/palvelut-2.png\" alt=\"\" class=\"wp-image-14\" srcset=\"https:\/\/hoksaamo.fi\/wp-content\/uploads\/2024\/09\/palvelut-2.png 750w, https:\/\/hoksaamo.fi\/wp-content\/uploads\/2024\/09\/palvelut-2-300x300.png 300w, https:\/\/hoksaamo.fi\/wp-content\/uploads\/2024\/09\/palvelut-2-150x150.png 150w\" sizes=\"auto, (max-width: 750px) 100vw, 750px\" \/><\/figure>\n","protected":false},"excerpt":{"rendered":"<p>Tervetuloa Hoksaamoon &#8211; tutustu minuun Olen Tarja-Liisa Riipinen, Hoksaamon perustaja ja intohimoinen kohtaamiseen keskittyvien palveluiden kehitt\u00e4j\u00e4. Olen ty\u00f6skennellyt l\u00e4hes 30 vuoden ajan sosiaali- ja terveysalalla, joista l\u00e4hes 20 vuotta olen tehnyt t\u00f6it\u00e4 esihenkil\u00f6n\u00e4 erilaisissa organisaatioissa. Matkan varrella ovat muutoksen tuulet puhallelleet v\u00e4lill\u00e4 hyvinkin navakasti. Matkallani olen keskittynyt erityisesti sosiaalisen vahvistamisen ja osallisuuden edist\u00e4miseen, laatuty\u00f6h\u00f6n, palvelumuotoiluun, [&hellip;]<\/p>\n","protected":false},"author":1,"featured_media":0,"parent":0,"menu_order":0,"comment_status":"closed","ping_status":"closed","template":"","meta":{"footnotes":""},"class_list":["post-55","page","type-page","status-publish","hentry"],"_links":{"self":[{"href":"https:\/\/hoksaamo.fi\/index.php?rest_route=\/wp\/v2\/pages\/55","targetHints":{"allow":["GET"]}}],"collection":[{"href":"https:\/\/hoksaamo.fi\/index.php?rest_route=\/wp\/v2\/pages"}],"about":[{"href":"https:\/\/hoksaamo.fi\/index.php?rest_route=\/wp\/v2\/types\/page"}],"author":[{"embeddable":true,"href":"https:\/\/hoksaamo.fi\/index.php?rest_route=\/wp\/v2\/users\/1"}],"replies":[{"embeddable":true,"href":"https:\/\/hoksaamo.fi\/index.php?rest_route=%2Fwp%2Fv2%2Fcomments&post=55"}],"version-history":[{"count":11,"href":"https:\/\/hoksaamo.fi\/index.php?rest_route=\/wp\/v2\/pages\/55\/revisions"}],"predecessor-version":[{"id":150,"href":"https:\/\/hoksaamo.fi\/index.php?rest_route=\/wp\/v2\/pages\/55\/revisions\/150"}],"wp:attachment":[{"href":"https:\/\/hoksaamo.fi\/index.php?rest_route=%2Fwp%2Fv2%2Fmedia&parent=55"}],"curies":[{"name":"wp","href":"https:\/\/api.w.org\/{rel}","templated":true}]}}